{"id":91,"date":"2023-05-19T11:22:50","date_gmt":"2023-05-19T09:22:50","guid":{"rendered":"http:\/\/itquest.net\/?page_id=91"},"modified":"2023-05-19T11:22:50","modified_gmt":"2023-05-19T09:22:50","slug":"kursy","status":"publish","type":"page","link":"https:\/\/itquest.net\/?page_id=91","title":{"rendered":"Kursy"},"content":{"rendered":"<p>Ta cz\u0119\u015b\u0107 w budowie. Zapraszam p\u00f3\u017aniej<\/p>\n","protected":false},"excerpt":{"rendered":"<p>Ta cz\u0119\u015b\u0107 w budowie. Zapraszam p\u00f3\u017aniej<\/p>\n","protected":false},"author":1,"featured_media":0,"parent":0,"menu_order":0,"comment_status":"closed","ping_status":"closed","template":"","meta":{"footnotes":""},"class_list":["post-91","page","type-page","status-publish","hentry"],"_links":{"self":[{"href":"https:\/\/itquest.net\/index.php?rest_route=\/wp\/v2\/pages\/91","targetHints":{"allow":["GET"]}}],"collection":[{"href":"https:\/\/itquest.net\/index.php?rest_route=\/wp\/v2\/pages"}],"about":[{"href":"https:\/\/itquest.net\/index.php?rest_route=\/wp\/v2\/types\/page"}],"author":[{"embeddable":true,"href":"https:\/\/itquest.net\/index.php?rest_route=\/wp\/v2\/users\/1"}],"replies":[{"embeddable":true,"href":"https:\/\/itquest.net\/index.php?rest_route=%2Fwp%2Fv2%2Fcomments&post=91"}],"version-history":[{"count":1,"href":"https:\/\/itquest.net\/index.php?rest_route=\/wp\/v2\/pages\/91\/revisions"}],"predecessor-version":[{"id":92,"href":"https:\/\/itquest.net\/index.php?rest_route=\/wp\/v2\/pages\/91\/revisions\/92"}],"wp:attachment":[{"href":"https:\/\/itquest.net\/index.php?rest_route=%2Fwp%2Fv2%2Fmedia&parent=91"}],"curies":[{"name":"wp","href":"https:\/\/api.w.org\/{rel}","templated":true}]}}